{"id":238,"date":"2017-08-16T11:41:05","date_gmt":"2017-08-16T15:41:05","guid":{"rendered":"http:\/\/centreducamionrb.ca\/?page_id=238\/"},"modified":"2018-01-17T14:57:14","modified_gmt":"2018-01-17T19:57:14","slug":"services","status":"publish","type":"page","link":"https:\/\/centreducamionrb.ca\/en\/services\/","title":{"rendered":"Services"},"content":{"rendered":"<div class=\"wpb-content-wrapper\"><p>[vc_row css_animation=&#8221;&#8221; row_type=&#8221;row&#8221; use_row_as_full_screen_section=&#8221;no&#8221; type=&#8221;full_width&#8221; angled_section=&#8221;no&#8221; text_align=&#8221;left&#8221; background_image_as_pattern=&#8221;without_pattern&#8221; el_class=&#8221;dist_container dist_border_row_container&#8221;][vc_column][vc_row_inner row_type=&#8221;row&#8221; type=&#8221;grid&#8221; text_align=&#8221;left&#8221; css_animation=&#8221;&#8221; el_class=&#8221;serv-tx&#8221;][vc_column_inner width=&#8221;1\/2&#8243;][vc_single_image image=&#8221;999&#8243; img_size=&#8221;full&#8221; qode_css_animation=&#8221;&#8221;][\/vc_column_inner][vc_column_inner width=&#8221;1\/2&#8243;]<div class='q_icon_with_title large custom_icon_image left_from_title '><div class=\"icon_text_holder\" style=\"\"><div class=\"icon_text_inner\" style=\"\"><div class=\"icon_title_holder\"><div class=\"icon_holder \" style=\" \"><img decoding=\"async\" src=\"https:\/\/centreducamionrb.ca\/wp-content\/uploads\/2017\/08\/ttlwheel.png\" alt=\"\"><\/div><h2 class=\"icon_title\" style=\"color: #212c52;\">Beeline Laser Alignment<\/h2><\/div><p style=''><\/p><\/div><\/div><\/div>[vc_column_text]We offer BEELINE laser alignment services for your tires. This technique can help you save on tire maintenance expenses. This system also allows you to see printed results in a &#8220;before and after&#8221; layout.[\/vc_column_text]<a  itemprop=\"url\" href=\"\/en\/contact\" target=\"_self\"  class=\"qbutton  default\" style=\"\">contact us<\/a>[\/vc_column_inner][\/vc_row_inner][vc_row_inner row_type=&#8221;row&#8221; type=&#8221;grid&#8221; text_align=&#8221;left&#8221; css_animation=&#8221;&#8221; el_class=&#8221;serv-tx&#8221;][vc_column_inner el_class=&#8221;norspullright&#8221; width=&#8221;1\/2&#8243;][vc_single_image image=&#8221;1010&#8243; img_size=&#8221;full&#8221; qode_css_animation=&#8221;&#8221;][\/vc_column_inner][vc_column_inner el_class=&#8221;norspullleft&#8221; width=&#8221;1\/2&#8243;]<div class='q_icon_with_title large custom_icon_image left_from_title '><div class=\"icon_text_holder\" style=\"\"><div class=\"icon_text_inner\" style=\"\"><div class=\"icon_title_holder\"><div class=\"icon_holder \" style=\" \"><img decoding=\"async\" src=\"https:\/\/centreducamionrb.ca\/wp-content\/uploads\/2017\/08\/motoroid.png\" alt=\"\"><\/div><h2 class=\"icon_title\" style=\"color: #212c52;\">Repair Services<\/h2><\/div><p style=''><\/p><\/div><\/div><\/div>[vc_column_text]Heavy duty truck repairs, trailers and recreational vehicles of all models and brands. Our service department holds a large inventory of tools tailored to provide the best service to our customers. With our 10 repair bays, we do everything that we can to make sure you&#8217;re back on the road as soon as possible.[\/vc_column_text]<a  itemprop=\"url\" href=\"\/en\/contact\" target=\"_self\"  class=\"qbutton  default\" style=\"\">contact us<\/a>[\/vc_column_inner][\/vc_row_inner][vc_row_inner row_type=&#8221;row&#8221; type=&#8221;grid&#8221; text_align=&#8221;left&#8221; css_animation=&#8221;&#8221; el_class=&#8221;serv-tx&#8221;][vc_column_inner width=&#8221;1\/2&#8243;][vc_single_image image=&#8221;1005&#8243; img_size=&#8221;full&#8221; qode_css_animation=&#8221;&#8221;][\/vc_column_inner][vc_column_inner width=&#8221;1\/2&#8243;]<div class='q_icon_with_title large custom_icon_image left_from_title '><div class=\"icon_text_holder\" style=\"\"><div class=\"icon_text_inner\" style=\"\"><div class=\"icon_title_holder\"><div class=\"icon_holder \" style=\" \"><img decoding=\"async\" src=\"https:\/\/centreducamionrb.ca\/wp-content\/uploads\/2017\/08\/wrenchpic.png\" alt=\"\"><\/div><h2 class=\"icon_title\" style=\"color: #212c52;\">24\/7 Mobile Services<\/h2><\/div><p style=''><\/p><\/div><\/div><\/div>[vc_column_text]Our 24\/7 mobile service ensures that you will never be stuck alone without help. Our team of qualified technicians, equipped with portable computers, will be able to provide you with a complete suite of services, even on the side of the road.[\/vc_column_text]<a  itemprop=\"url\" href=\"\/en\/contact\" target=\"_self\"  class=\"qbutton  default\" style=\"\">contact us<\/a>[\/vc_column_inner][\/vc_row_inner][vc_row_inner row_type=&#8221;row&#8221; type=&#8221;grid&#8221; text_align=&#8221;left&#8221; css_animation=&#8221;&#8221; el_class=&#8221;serv-tx&#8221;][vc_column_inner el_class=&#8221;norspullright&#8221; width=&#8221;1\/2&#8243;][vc_single_image image=&#8221;1006&#8243; img_size=&#8221;full&#8221; alignment=&#8221;center&#8221; qode_css_animation=&#8221;&#8221;][\/vc_column_inner][vc_column_inner el_class=&#8221;norspullleft&#8221; width=&#8221;1\/2&#8243;]<div class='q_icon_with_title large custom_icon_image left_from_title '><div class=\"icon_text_holder\" style=\"\"><div class=\"icon_text_inner\" style=\"\"><div class=\"icon_title_holder\"><div class=\"icon_holder \" style=\" \"><img decoding=\"async\" src=\"https:\/\/centreducamionrb.ca\/wp-content\/uploads\/2017\/08\/motoroid.png\" alt=\"\"><\/div><h2 class=\"icon_title\" style=\"color: #212c52;\">PMP Certification<\/h2><\/div><p style=''><\/p><\/div><\/div><\/div>[vc_column_text]The preventative maintenance program (PMP) is an efficient practice to ensure that your vehicles are safe to use at all times to whomever may need to make use of them. This program allows you ongoing maintenance, by proceding with inspections, changes or adjustments.[\/vc_column_text]<a  itemprop=\"url\" href=\"\/en\/contact\" target=\"_self\"  class=\"qbutton  default\" style=\"\">contact us<\/a>[\/vc_column_inner][\/vc_row_inner][vc_row_inner row_type=&#8221;row&#8221; type=&#8221;grid&#8221; text_align=&#8221;left&#8221; css_animation=&#8221;&#8221; el_class=&#8221;serv-tx&#8221;][vc_column_inner width=&#8221;1\/2&#8243;][vc_single_image image=&#8221;1011&#8243; img_size=&#8221;full&#8221; qode_css_animation=&#8221;&#8221;][\/vc_column_inner][vc_column_inner width=&#8221;1\/2&#8243;]<div class='q_icon_with_title large custom_icon_image left_from_title '><div class=\"icon_text_holder\" style=\"\"><div class=\"icon_text_inner\" style=\"\"><div class=\"icon_title_holder\"><div class=\"icon_holder \" style=\" \"><img decoding=\"async\" src=\"https:\/\/centreducamionrb.ca\/wp-content\/uploads\/2017\/08\/wrenchpic.png\" alt=\"\"><\/div><h2 class=\"icon_title\" style=\"color: #212c52;\">Particle filter cleaning<\/h2><\/div><p style=''><\/p><\/div><\/div><\/div>[vc_column_text]Diesel particulate filters keep your fleet in line with federal mandates and protect the air we all breathe, but if these filters aren\u2019t properly cleaned, they\u2019ll stop working. The regeneration cycle can combust some of the accumulated particles, but it won\u2019t take care of everything. Eventually, left unattended the residue build up can result in reduced fuel economy, filter damage, reduced horsepower, and even engine damage.[\/vc_column_text]<a  itemprop=\"url\" href=\"\/en\/contact\" target=\"_self\"  class=\"qbutton  default\" style=\"\">contact us<\/a>[\/vc_column_inner][\/vc_row_inner][vc_row_inner row_type=&#8221;row&#8221; type=&#8221;grid&#8221; text_align=&#8221;left&#8221; css_animation=&#8221;&#8221; el_class=&#8221;ttlh2blu&#8221; css=&#8221;.vc_custom_1513894056637{margin-bottom: 0px !important;border-bottom-width: 0px !important;padding-bottom: 0px !important;}&#8221;][vc_column_inner css=&#8221;.vc_custom_1513894116622{margin-bottom: 0px !important;border-bottom-width: 0px !important;padding-bottom: 0px !important;}&#8221;][vc_column_text css=&#8221;.vc_custom_1516141437991{margin-bottom: 0px !important;border-bottom-width: 0px !important;padding-bottom: 0px !important;}&#8221;]<\/p>\n<h2 style=\"text-align: center;\">Services also available<\/h2>\n<p>[\/vc_column_text][\/vc_column_inner][\/vc_row_inner][vc_row_inner row_type=&#8221;row&#8221; type=&#8221;grid&#8221; text_align=&#8221;center&#8221; css_animation=&#8221;&#8221; el_class=&#8221;p3col-xtraserv&#8221;][vc_column_inner width=&#8221;1\/3&#8243;][vc_column_text]10 wheels to 12 wheels transformation[\/vc_column_text][vc_column_text]We have a 24 hours open on the road calling service[\/vc_column_text][vc_column_text]Trailer repair[\/vc_column_text][vc_column_text]Custom fabrication[\/vc_column_text][vc_column_text]Enhanced capacity 12 wheels fabrication[\/vc_column_text][\/vc_column_inner][vc_column_inner width=&#8221;1\/3&#8243;][vc_column_text]Body and equipment finish[\/vc_column_text][vc_column_text]Vehicle modification[\/vc_column_text][vc_column_text]GAWR\/GVWR enhancements[\/vc_column_text][vc_column_text]Level 1, 2, and 3 Transport Canada certification[\/vc_column_text][vc_column_text]Parts depositary, sale and Brandon et Lanau dump truck services[\/vc_column_text][\/vc_column_inner][vc_column_inner width=&#8221;1\/3&#8243;][vc_column_text]Quality parts and services[\/vc_column_text][vc_column_text]Chassis modification[\/vc_column_text][vc_column_text]Specialised soldering[\/vc_column_text][vc_column_text]PMP certified garage[\/vc_column_text][\/vc_column_inner][\/vc_row_inner][vc_row_inner row_type=&#8221;row&#8221; type=&#8221;grid&#8221; text_align=&#8221;left&#8221; css_animation=&#8221;&#8221; el_class=&#8221;ttlh2blu&#8221; css=&#8221;.vc_custom_1513894056637{margin-bottom: 0px !important;border-bottom-width: 0px !important;padding-bottom: 0px !important;}&#8221;][vc_column_inner css=&#8221;.vc_custom_1513894116622{margin-bottom: 0px !important;border-bottom-width: 0px !important;padding-bottom: 0px !important;}&#8221;][vc_column_text css=&#8221;.vc_custom_1516141766700{margin-bottom: 0px !important;border-bottom-width: 0px !important;padding-bottom: 0px !important;}&#8221;]<\/p>\n<h2 style=\"text-align: center;\">Our Garantee<\/h2>\n<p>[\/vc_column_text][\/vc_column_inner][\/vc_row_inner][vc_row_inner row_type=&#8221;row&#8221; type=&#8221;grid&#8221; text_align=&#8221;center&#8221; css_animation=&#8221;&#8221; el_class=&#8221;p3col-xtraserv&#8221;][vc_column_inner][vc_column_text]<\/p>\n<p class=\"extra-text2\">Repairs : 3 months (Excluding spinning)<\/p>\n<p class=\"extra-text2\">Parts solds and installed : according to the garantee offered by the provider<\/p>\n<p>[\/vc_column_text][\/vc_column_inner][\/vc_row_inner][vc_row_inner row_type=&#8221;row&#8221; type=&#8221;grid&#8221; text_align=&#8221;left&#8221; css_animation=&#8221;&#8221; el_class=&#8221;ttlh2blu&#8221; css=&#8221;.vc_custom_1513894056637{margin-bottom: 0px !important;border-bottom-width: 0px !important;padding-bottom: 0px !important;}&#8221;][vc_column_inner css=&#8221;.vc_custom_1513894116622{margin-bottom: 0px !important;border-bottom-width: 0px !important;padding-bottom: 0px !important;}&#8221;][vc_column_text css=&#8221;.vc_custom_1515795069617{margin-bottom: 0px !important;border-bottom-width: 0px !important;padding-bottom: 0px !important;}&#8221;]<\/p>\n<h2 style=\"text-align: center;\">Nous sommes \u00e9quip\u00e9s des derni\u00e8res technologies utilisant le syst\u00e8me JPRO PROFESSIONNAL<\/h2>\n<p>[\/vc_column_text][\/vc_column_inner][\/vc_row_inner][vc_row_inner row_type=&#8221;row&#8221; type=&#8221;grid&#8221; text_align=&#8221;left&#8221; css_animation=&#8221;&#8221; el_class=&#8221;service_f_uptruck&#8221;][vc_column_inner][vc_column_text]<strong>HEAVY-DUTY TESTS &amp; MEDIUM-DUTY FUNCTIONALITY<\/strong><\/p>\n<p>Detroit Diesel |\u00a0Cummins |\u00a0Mack &amp; Volvo |\u00a0International |\u00a0Peterbilt |\u00a0Kenworth |\u00a0Sprinter[\/vc_column_text][vc_column_text]<strong>BODY &amp; CHASSIS<\/strong><\/p>\n<p>Peterbilt |\u00a0Mack &amp; Volvo |\u00a0International |\u00a0Kenworth |\u00a0Western Star |\u00a0Sterling |\u00a0Freightliner |\u00a0Sprinter |\u00a0Bluebird[\/vc_column_text][vc_column_text]<strong>ENGINES<\/strong><\/p>\n<p>Bluebird |\u00a0International |\u00a0CAT |\u00a0PACCAR MX |\u00a0Cummins |\u00a0Detroit Diesel |\u00a0Mercedes |\u00a0Sprinter[\/vc_column_text][vc_column_text]<strong>TRANSMISSIONS<\/strong><\/p>\n<p>Detroit |\u00a0Allison |\u00a0Eaton |\u00a0ZF |\u00a0Sprinter[\/vc_column_text][vc_column_text]<strong>ABS<\/strong><\/p>\n<p>Bendix |\u00a0Haldex |\u00a0Sprinter |\u00a0WABCO |\u00a0Wabash[\/vc_column_text][vc_column_text]<strong>WE ALSO SPECIALIZED IN REPAIRS OF ALL MAKES AND MODELS OF RV&#8217;S:<\/strong><\/p>\n<p>Prevost |\u00a0Spartan |\u00a0Freightliner Chassis |\u00a0Winnebago |\u00a0Coachmen |\u00a0Fleetwood |\u00a0Jayco | Forest River |\u00a0Beaver |\u00a0Newmar |\u00a0Roadtrek |\u00a0Holiday Rambler |\u00a0Triple E[\/vc_column_text][\/vc_column_inner][\/vc_row_inner][\/vc_column][\/vc_row]<\/p>\n<\/div>","protected":false},"excerpt":{"rendered":"<p>[vc_row css_animation=&#8221;&#8221; row_type=&#8221;row&#8221; use_row_as_full_screen_section=&#8221;no&#8221; type=&#8221;full_width&#8221; angled_section=&#8221;no&#8221; text_align=&#8221;left&#8221; background_image_as_pattern=&#8221;without_pattern&#8221; el_class=&#8221;dist_container dist_border_row_container&#8221;][vc_column][vc_row_inner row_type=&#8221;row&#8221; type=&#8221;grid&#8221; text_align=&#8221;left&#8221; css_animation=&#8221;&#8221; el_class=&#8221;serv-tx&#8221;][vc_column_inner width=&#8221;1\/2&#8243;][vc_single_image image=&#8221;999&#8243; img_size=&#8221;full&#8221; qode_css_animation=&#8221;&#8221;][\/vc_column_inner][vc_column_inner width=&#8221;1\/2&#8243;][vc_column_text]We offer BEELINE laser alignment services for your tires. This technique can help you save on tire maintenance expenses. This system also allows you to see&#8230;<\/p>\n","protected":false},"author":1,"featured_media":0,"parent":0,"menu_order":0,"comment_status":"closed","ping_status":"closed","template":"full_width.php","meta":{"_acf_changed":false,"footnotes":""},"class_list":["post-238","page","type-page","status-publish","hentry"],"acf":[],"_links":{"self":[{"href":"https:\/\/centreducamionrb.ca\/en\/wp-json\/wp\/v2\/pages\/238","targetHints":{"allow":["GET"]}}],"collection":[{"href":"https:\/\/centreducamionrb.ca\/en\/wp-json\/wp\/v2\/pages"}],"about":[{"href":"https:\/\/centreducamionrb.ca\/en\/wp-json\/wp\/v2\/types\/page"}],"author":[{"embeddable":true,"href":"https:\/\/centreducamionrb.ca\/en\/wp-json\/wp\/v2\/users\/1"}],"replies":[{"embeddable":true,"href":"https:\/\/centreducamionrb.ca\/en\/wp-json\/wp\/v2\/comments?post=238"}],"version-history":[{"count":29,"href":"https:\/\/centreducamionrb.ca\/en\/wp-json\/wp\/v2\/pages\/238\/revisions"}],"predecessor-version":[{"id":1228,"href":"https:\/\/centreducamionrb.ca\/en\/wp-json\/wp\/v2\/pages\/238\/revisions\/1228"}],"wp:attachment":[{"href":"https:\/\/centreducamionrb.ca\/en\/wp-json\/wp\/v2\/media?parent=238"}],"curies":[{"name":"wp","href":"https:\/\/api.w.org\/{rel}","templated":true}]}}